{"id":987,"date":"2022-03-21T14:19:30","date_gmt":"2022-03-21T13:19:30","guid":{"rendered":"https:\/\/www.bho-consulting.com\/?page_id=987"},"modified":"2022-04-08T13:23:09","modified_gmt":"2022-04-08T11:23:09","slug":"gerhard-deiters","status":"publish","type":"page","link":"https:\/\/www.bho-consulting.com\/en\/gerhard-deiters\/","title":{"rendered":"Gerhard Deiters"},"content":{"rendered":"<div class=\"wpb-content-wrapper\">[vc_row fullwidth=&#8221;true&#8221; fullwidth_content=&#8221;false&#8221; css=&#8221;.vc_custom_1648894893599{margin-top: -4em !important;padding-top: 10em !important;padding-bottom: 10em !important;background-image: url(https:\/\/www.bho-consulting.com\/wp-content\/uploads\/2019\/10\/bho_consulting_cyperpolicen_300.png?id=618) !important;background-position: center !important;background-repeat: no-repeat !important;background-size: cover !important;}&#8221;][vc_column][\/vc_column][\/vc_row][vc_row][vc_column width=&#8221;2\/6&#8243;][vc_single_image image=&#8221;958&#8243; img_size=&#8221;medium&#8221; alignment=&#8221;center&#8221; onclick=&#8221;custom_link&#8221; css=&#8221;.vc_custom_1647867991938{margin-bottom: 0px !important;}&#8221;][vc_btn title=&#8221;Gerhard Deiters&#8221; shape=&#8221;square&#8221; size=&#8221;lg&#8221; align=&#8221;left&#8221; i_icon_fontawesome=&#8221;fa fa-envelope&#8221; button_block=&#8221;true&#8221; add_icon=&#8221;true&#8221; link=&#8221;url:mailto%3A%20deiters%40bho-consulting.com|||&#8221;][vc_btn title=&#8221;LinkedIn profile&#8221; shape=&#8221;square&#8221; size=&#8221;lg&#8221; align=&#8221;left&#8221; i_icon_fontawesome=&#8221;fa fa-linkedin&#8221; button_block=&#8221;true&#8221; add_icon=&#8221;true&#8221; link=&#8221;url:https%3A%2F%2Fwww.linkedin.com%2Fin%2Fgerhard-deiters-58b6915a%2F|||&#8221; css=&#8221;.vc_custom_1647868583291{margin-top: -20px !important;}&#8221;][vc_btn title=&#8221;Xing profile&#8221; shape=&#8221;square&#8221; size=&#8221;lg&#8221; align=&#8221;left&#8221; i_icon_fontawesome=&#8221;fa fa-xing&#8221; button_block=&#8221;true&#8221; add_icon=&#8221;true&#8221; link=&#8221;url:https%3A%2F%2Fwww.xing.com%2Fprofile%2FMatthias_Lachenmann%2F|||&#8221; css=&#8221;.vc_custom_1647868590846{margin-top: -20px !important;}&#8221;][vc_column_text css=&#8221;.vc_custom_1646928710121{margin-top: -20px !important;margin-bottom: 0px !important;padding-top: 10px !important;padding-left: 20px !important;background-color: #ebebeb !important;}&#8221;]Tel.: <a href=\"tel:+4922120463884\">+49 (0) 221 204 638 84<\/a><br \/>\nFax: +49 (0) 221 270 956 111<\/p>\n<p>BHO Consulting GmbH<br \/>\nVorgebirgstra\u00dfe 132<br \/>\n50969 K\u00f6ln<br \/>\n[\/vc_column_text][\/vc_column][vc_column width=&#8221;3\/6&#8243; css=&#8221;.vc_custom_1646929564626{padding-top: 2em !important;}&#8221;][mk_fancy_title color=&#8221;#1e73be&#8221; size=&#8221;&#8221; font_weight=&#8221;600&#8243; margin_bottom=&#8221;0&#8243; font_family=&#8221;none&#8221;]GERHARD DEITERS[\/mk_fancy_title][vc_column_text css=&#8221;.vc_custom_1647868761247{margin-bottom: 0px !important;}&#8221;]Mr Gerhard Deiters (Data Protection Officer T\u00dcVzert) has specialised in data protection law since 2008. As a lawyer, he has been involved in various major projects in the field of data protection, mostly in a leading role, e.g. in the drafting of &#8220;Binding Corporate Rules&#8221; in an international group. He advises on the implementation of the GDPR in a large number of companies and authorities, including a large German medium-sized company with over 30 group companies. Currently, he is Chief Privacy Officer of the FUCHS Group as well as Data Protection Officer of companies such as KLEO Connect GmbH, GrapeCheck GmbH.<\/p>\n<p>Before joining BHO Consulting GmbH, Mr. Deiters worked for several years as a lawyer at a major German law firm in the field of IT, telecommunications and data protection law; there he was one of the main contacts for data protection issues. During this time, he also worked as a data protection officer for one of the largest German engineering companies in the fields of buildings, transport and energy and the environment. He publishes e.g. in the magazine &#8220;Datenschutzberater&#8221; and the &#8220;Formularhandbuch Datenschutzrecht&#8221; and has been training extensively in data protection law since 2010.[\/vc_column_text][mk_fancy_title color=&#8221;#1e73be&#8221; size=&#8221;&#8221; font_weight=&#8221;600&#8243; margin_bottom=&#8221;&#8221; font_family=&#8221;none&#8221;]PUBLICATIONS (SELECTION)[\/mk_fancy_title][vc_column_text css=&#8221;.vc_custom_1647868687125{margin-bottom: 0px !important;}&#8221;]\n<ul>\n<li>Control of 3G Evidence in the Workplace &#8211; Sample Documentation, in: ZD-Aktuell 20\/2021 of 7.12.2021 (original: Kontrolle von 3G-Nachweisen am Arbeitsplatz \u2013 Muster zur Dokumentation, in: ZD-Aktuell 20\/2021 vom 7.12.2021).<\/li>\n<li>Germany Chapter &#8211; Telecoms, Media and Internet Laws and Regulations 2014 (Original: Germany Chapter &#8211; Telecoms, Media and Internet Laws and Regulations 2014), in: The International Comparative Legal Guide to: Telecoms, Media and Internet Laws and Regulations 2014, published by Global Legal Group Ltd www.iclg.co.uk, London (co-author: Dr Dirk Stolz) (original: Deutschland Kapitel &#8211; Telekommunikation, Medien und Internet Gesetze und Verordnungen 2014 (Original: Germany Chapter &#8211; Telecoms, Media and Internet Laws and Regulations 2014), in: The International Comparative Legal Guide to: Telecoms, Media and Internet Laws and Regulations 2014, ver\u00f6ffentlicht von Global Legal Group Ltd www.iclg.co.uk, London (Mitautor: Dr. Dirk Stolz).<\/li>\n<li>Introduction of a Discovery Procedure on German Data Protection Law, in: Zeitschrift f\u00fcr Datenschutz (ZD), ZD 2013, p. 313 et seq. (Co-authors: Dr Philip Kempermann\/Robert U. Fischer)(original: Einf\u00fchrung eines Discovery-Verfahrens \u00fcber deutsches Datenschutzrecht, in: Zeitschrift f\u00fcr Datenschutz (ZD), ZD 2013, S. 313 ff. (Mitautoren: Dr. Philip Kempermann\/Robert U. Fischer).<\/li>\n<li>Social Media: Data Protection And Company Details &#8211; A Never Ending Story?, in: GALA Gazette December 2011, published at <a href=\"http:\/\/www.gala-marketlaw.com\">gala-marketlaw.com<\/a>.<\/li>\n<li>Data Protection in the Surveyor&#8217;s Office (3) &#8211; Practical Examples, in: immobilien &amp; bewerten 2011, 4\/2011 (original: Datenschutz im Sachverst\u00e4ndigenb\u00fcro (3) \u2013 Praxisbeispiele, in: immobilien &amp; bewerten 2011, 4\/2011.)<\/li>\n<li>Facebook &#8220;Like&#8221; Button: Compliant with German Data Privacy Laws and law against unfair competition?, in: GALA Gazette May 2011, published at www.gala-marketlaw.com.<\/li>\n<\/ul>\n[\/vc_column_text][mk_fancy_title color=&#8221;#1e73be&#8221; size=&#8221;&#8221; font_weight=&#8221;600&#8243; margin_bottom=&#8221;&#8221; font_family=&#8221;none&#8221;]LECTURES[\/mk_fancy_title][vc_column_text css=&#8221;.vc_custom_1647868741228{margin-bottom: 0px !important;}&#8221;]\n<ul>\n<li>Data protection law issues in connection with Ambient Assisted Living, Malteser Compliance Forum, Cologne 2019.<\/li>\n<li>Data and business secrets in the use of chat bots and speech recognition, Azure Saturday Cologne, Cologne 2019.<\/li>\n<li>Cookies, fan pages and social media plug ins, impact of the ECJ and BVerwG rulings, webinar, Cologne 2019.<\/li>\n<li>Legal issues of the use of mass data in BIM applications, Mobil.BIG.BIM., Fulda-K\u00fcnzell 2019.<\/li>\n<\/ul>\n[\/vc_column_text][\/vc_column][vc_column width=&#8221;1\/6&#8243;][vc_single_image image=&#8221;1039&#8243; img_size=&#8221;medium&#8221; alignment=&#8221;center&#8221; onclick=&#8221;custom_link&#8221; css=&#8221;.vc_custom_1648893952605{margin-top: 4em !important;padding-top: 5px !important;padding-right: 5px !important;padding-bottom: 5px !important;padding-left: 5px !important;}&#8221; link=&#8221;https:\/\/www.bho-consulting.com\/wp-content\/uploads\/2022\/04\/deiters_gerhard_ze_en_.pdf&#8221;][\/vc_column][\/vc_row]\n<\/div>","protected":false},"excerpt":{"rendered":"<p>[vc_row fullwidth=&#8221;true&#8221; fullwidth_content=&#8221;false&#8221; css=&#8221;.vc_custom_1648894893599{margin-top: -4em !important;padding-top: 10em !important;padding-bottom: 10em !important;background-image: url(https:\/\/www.bho-consulting.com\/wp-content\/uploads\/2019\/10\/bho_consulting_cyperpolicen_300.png?id=618) !important;background-position: center !important;background-repeat: no-repeat !important;background-size: cover !important;}&#8221;][vc_column][\/vc_column][\/vc_row][vc_row][vc_column width=&#8221;2\/6&#8243;][vc_single_image image=&#8221;958&#8243; img_size=&#8221;medium&#8221; alignment=&#8221;center&#8221; onclick=&#8221;custom_link&#8221; css=&#8221;.vc_custom_1647867991938{margin-bottom: 0px !important;}&#8221;][vc_btn title=&#8221;Gerhard Deiters&#8221; shape=&#8221;square&#8221; size=&#8221;lg&#8221; align=&#8221;left&#8221; i_icon_fontawesome=&#8221;fa fa-envelope&#8221; button_block=&#8221;true&#8221; add_icon=&#8221;true&#8221; link=&#8221;url:mailto%3A%20deiters%40bho-consulting.com|||&#8221;][vc_btn title=&#8221;LinkedIn profile&#8221; shape=&#8221;square&#8221; size=&#8221;lg&#8221; align=&#8221;left&#8221; i_icon_fontawesome=&#8221;fa fa-linkedin&#8221; button_block=&#8221;true&#8221; add_icon=&#8221;true&#8221; link=&#8221;url:https%3A%2F%2Fwww.linkedin.com%2Fin%2Fgerhard-deiters-58b6915a%2F|||&#8221; css=&#8221;.vc_custom_1647868583291{margin-top: -20px !important;}&#8221;][vc_btn title=&#8221;Xing profile&#8221; shape=&#8221;square&#8221; size=&#8221;lg&#8221; align=&#8221;left&#8221; i_icon_fontawesome=&#8221;fa [&hellip;]<\/p>\n","protected":false},"author":6,"featured_media":0,"parent":0,"menu_order":0,"comment_status":"closed","ping_status":"closed","template":"","meta":{"footnotes":""},"class_list":["post-987","page","type-page","status-publish","hentry"],"yoast_head":"<!-- This site is optimized with the Yoast SEO plugin v27.2 - https:\/\/yoast.com\/product\/yoast-seo-wordpress\/ -->\n<title>Gerhard Deiters &#8211; BHO Consulting<\/title>\n<meta name=\"description\" content=\"Mr Gerhard Deiters (Data Protection Officer T\u00dcVzert) has specialised in data protection law since 2008. As a lawyer, he has been involved in various major projects in the field of data protection, mostly in a leading role, e.g. in the drafting of &quot;Binding Corporate Rules&quot; in an international group.\" \/>\n<meta name=\"robots\" content=\"index, follow, max-snippet:-1, max-image-preview:large, max-video-preview:-1\" \/>\n<link rel=\"canonical\" href=\"https:\/\/www.bho-consulting.com\/en\/gerhard-deiters\/\" \/>\n<meta property=\"og:locale\" content=\"en_US\" \/>\n<meta property=\"og:type\" content=\"article\" \/>\n<meta property=\"og:title\" content=\"Gerhard Deiters &#8211; BHO Consulting\" \/>\n<meta property=\"og:description\" content=\"Mr Gerhard Deiters (Data Protection Officer T\u00dcVzert) has specialised in data protection law since 2008. As a lawyer, he has been involved in various major projects in the field of data protection, mostly in a leading role, e.g. in the drafting of &quot;Binding Corporate Rules&quot; in an international group.\" \/>\n<meta property=\"og:url\" content=\"https:\/\/www.bho-consulting.com\/en\/gerhard-deiters\/\" \/>\n<meta property=\"og:site_name\" content=\"BHO Consulting\" \/>\n<meta property=\"article:modified_time\" content=\"2022-04-08T11:23:09+00:00\" \/>\n<meta name=\"twitter:card\" content=\"summary_large_image\" \/>\n<meta name=\"twitter:label1\" content=\"Est. reading time\" \/>\n\t<meta name=\"twitter:data1\" content=\"4 minutes\" \/>\n<script type=\"application\/ld+json\" class=\"yoast-schema-graph\">{\"@context\":\"https:\/\/schema.org\",\"@graph\":[{\"@type\":\"WebPage\",\"@id\":\"https:\/\/www.bho-consulting.com\/en\/gerhard-deiters\/\",\"url\":\"https:\/\/www.bho-consulting.com\/en\/gerhard-deiters\/\",\"name\":\"Gerhard Deiters &#8211; BHO Consulting\",\"isPartOf\":{\"@id\":\"https:\/\/www.bho-consulting.com\/#website\"},\"datePublished\":\"2022-03-21T13:19:30+00:00\",\"dateModified\":\"2022-04-08T11:23:09+00:00\",\"description\":\"Mr Gerhard Deiters (Data Protection Officer T\u00dcVzert) has specialised in data protection law since 2008. As a lawyer, he has been involved in various major projects in the field of data protection, mostly in a leading role, e.g. in the drafting of \\\"Binding Corporate Rules\\\" in an international group.\",\"breadcrumb\":{\"@id\":\"https:\/\/www.bho-consulting.com\/en\/gerhard-deiters\/#breadcrumb\"},\"inLanguage\":\"en-US\",\"potentialAction\":[{\"@type\":\"ReadAction\",\"target\":[\"https:\/\/www.bho-consulting.com\/en\/gerhard-deiters\/\"]}]},{\"@type\":\"BreadcrumbList\",\"@id\":\"https:\/\/www.bho-consulting.com\/en\/gerhard-deiters\/#breadcrumb\",\"itemListElement\":[{\"@type\":\"ListItem\",\"position\":1,\"name\":\"Startseite\",\"item\":\"https:\/\/www.bho-consulting.com\/en\/\"},{\"@type\":\"ListItem\",\"position\":2,\"name\":\"Gerhard Deiters\"}]},{\"@type\":\"WebSite\",\"@id\":\"https:\/\/www.bho-consulting.com\/#website\",\"url\":\"https:\/\/www.bho-consulting.com\/\",\"name\":\"BHO Consulting\",\"description\":\"\",\"publisher\":{\"@id\":\"https:\/\/www.bho-consulting.com\/#organization\"},\"potentialAction\":[{\"@type\":\"SearchAction\",\"target\":{\"@type\":\"EntryPoint\",\"urlTemplate\":\"https:\/\/www.bho-consulting.com\/?s={search_term_string}\"},\"query-input\":{\"@type\":\"PropertyValueSpecification\",\"valueRequired\":true,\"valueName\":\"search_term_string\"}}],\"inLanguage\":\"en-US\"},{\"@type\":\"Organization\",\"@id\":\"https:\/\/www.bho-consulting.com\/#organization\",\"name\":\"BHO Consulting\",\"url\":\"https:\/\/www.bho-consulting.com\/\",\"logo\":{\"@type\":\"ImageObject\",\"inLanguage\":\"en-US\",\"@id\":\"https:\/\/www.bho-consulting.com\/#\/schema\/logo\/image\/\",\"url\":\"https:\/\/bho-consulting.com\/wp-content\/uploads\/2019\/06\/bho-consulting-logo.png\",\"contentUrl\":\"https:\/\/bho-consulting.com\/wp-content\/uploads\/2019\/06\/bho-consulting-logo.png\",\"width\":288,\"height\":288,\"caption\":\"BHO Consulting\"},\"image\":{\"@id\":\"https:\/\/www.bho-consulting.com\/#\/schema\/logo\/image\/\"}}]}<\/script>\n<!-- \/ Yoast SEO plugin. -->","yoast_head_json":{"title":"Gerhard Deiters &#8211; BHO Consulting","description":"Mr Gerhard Deiters (Data Protection Officer T\u00dcVzert) has specialised in data protection law since 2008. As a lawyer, he has been involved in various major projects in the field of data protection, mostly in a leading role, e.g. in the drafting of \"Binding Corporate Rules\" in an international group.","robots":{"index":"index","follow":"follow","max-snippet":"max-snippet:-1","max-image-preview":"max-image-preview:large","max-video-preview":"max-video-preview:-1"},"canonical":"https:\/\/www.bho-consulting.com\/en\/gerhard-deiters\/","og_locale":"en_US","og_type":"article","og_title":"Gerhard Deiters &#8211; BHO Consulting","og_description":"Mr Gerhard Deiters (Data Protection Officer T\u00dcVzert) has specialised in data protection law since 2008. As a lawyer, he has been involved in various major projects in the field of data protection, mostly in a leading role, e.g. in the drafting of \"Binding Corporate Rules\" in an international group.","og_url":"https:\/\/www.bho-consulting.com\/en\/gerhard-deiters\/","og_site_name":"BHO Consulting","article_modified_time":"2022-04-08T11:23:09+00:00","twitter_card":"summary_large_image","twitter_misc":{"Est. reading time":"4 minutes"},"schema":{"@context":"https:\/\/schema.org","@graph":[{"@type":"WebPage","@id":"https:\/\/www.bho-consulting.com\/en\/gerhard-deiters\/","url":"https:\/\/www.bho-consulting.com\/en\/gerhard-deiters\/","name":"Gerhard Deiters &#8211; BHO Consulting","isPartOf":{"@id":"https:\/\/www.bho-consulting.com\/#website"},"datePublished":"2022-03-21T13:19:30+00:00","dateModified":"2022-04-08T11:23:09+00:00","description":"Mr Gerhard Deiters (Data Protection Officer T\u00dcVzert) has specialised in data protection law since 2008. As a lawyer, he has been involved in various major projects in the field of data protection, mostly in a leading role, e.g. in the drafting of \"Binding Corporate Rules\" in an international group.","breadcrumb":{"@id":"https:\/\/www.bho-consulting.com\/en\/gerhard-deiters\/#breadcrumb"},"inLanguage":"en-US","potentialAction":[{"@type":"ReadAction","target":["https:\/\/www.bho-consulting.com\/en\/gerhard-deiters\/"]}]},{"@type":"BreadcrumbList","@id":"https:\/\/www.bho-consulting.com\/en\/gerhard-deiters\/#breadcrumb","itemListElement":[{"@type":"ListItem","position":1,"name":"Startseite","item":"https:\/\/www.bho-consulting.com\/en\/"},{"@type":"ListItem","position":2,"name":"Gerhard Deiters"}]},{"@type":"WebSite","@id":"https:\/\/www.bho-consulting.com\/#website","url":"https:\/\/www.bho-consulting.com\/","name":"BHO Consulting","description":"","publisher":{"@id":"https:\/\/www.bho-consulting.com\/#organization"},"potentialAction":[{"@type":"SearchAction","target":{"@type":"EntryPoint","urlTemplate":"https:\/\/www.bho-consulting.com\/?s={search_term_string}"},"query-input":{"@type":"PropertyValueSpecification","valueRequired":true,"valueName":"search_term_string"}}],"inLanguage":"en-US"},{"@type":"Organization","@id":"https:\/\/www.bho-consulting.com\/#organization","name":"BHO Consulting","url":"https:\/\/www.bho-consulting.com\/","logo":{"@type":"ImageObject","inLanguage":"en-US","@id":"https:\/\/www.bho-consulting.com\/#\/schema\/logo\/image\/","url":"https:\/\/bho-consulting.com\/wp-content\/uploads\/2019\/06\/bho-consulting-logo.png","contentUrl":"https:\/\/bho-consulting.com\/wp-content\/uploads\/2019\/06\/bho-consulting-logo.png","width":288,"height":288,"caption":"BHO Consulting"},"image":{"@id":"https:\/\/www.bho-consulting.com\/#\/schema\/logo\/image\/"}}]}},"_links":{"self":[{"href":"https:\/\/www.bho-consulting.com\/en\/wp-json\/wp\/v2\/pages\/987","targetHints":{"allow":["GET"]}}],"collection":[{"href":"https:\/\/www.bho-consulting.com\/en\/wp-json\/wp\/v2\/pages"}],"about":[{"href":"https:\/\/www.bho-consulting.com\/en\/wp-json\/wp\/v2\/types\/page"}],"author":[{"embeddable":true,"href":"https:\/\/www.bho-consulting.com\/en\/wp-json\/wp\/v2\/users\/6"}],"replies":[{"embeddable":true,"href":"https:\/\/www.bho-consulting.com\/en\/wp-json\/wp\/v2\/comments?post=987"}],"version-history":[{"count":5,"href":"https:\/\/www.bho-consulting.com\/en\/wp-json\/wp\/v2\/pages\/987\/revisions"}],"predecessor-version":[{"id":1165,"href":"https:\/\/www.bho-consulting.com\/en\/wp-json\/wp\/v2\/pages\/987\/revisions\/1165"}],"wp:attachment":[{"href":"https:\/\/www.bho-consulting.com\/en\/wp-json\/wp\/v2\/media?parent=987"}],"curies":[{"name":"wp","href":"https:\/\/api.w.org\/{rel}","templated":true}]}}