{"id":929,"date":"2022-03-21T11:30:51","date_gmt":"2022-03-21T10:30:51","guid":{"rendered":"https:\/\/www.bho-consulting.com\/?page_id=929"},"modified":"2022-04-08T13:23:01","modified_gmt":"2022-04-08T11:23:01","slug":"dr-philip-lueghausen","status":"publish","type":"page","link":"https:\/\/www.bho-consulting.com\/en\/dr-philip-lueghausen\/","title":{"rendered":"Dr. Philip L\u00fcghausen"},"content":{"rendered":"<div class=\"wpb-content-wrapper\">[vc_row fullwidth=&#8221;true&#8221; fullwidth_content=&#8221;false&#8221; css=&#8221;.vc_custom_1648894893599{margin-top: -4em !important;padding-top: 10em !important;padding-bottom: 10em !important;background-image: url(https:\/\/www.bho-consulting.com\/wp-content\/uploads\/2019\/10\/bho_consulting_cyperpolicen_300.png?id=618) !important;background-position: center !important;background-repeat: no-repeat !important;background-size: cover !important;}&#8221;][vc_column][\/vc_column][\/vc_row][vc_row][vc_column width=&#8221;2\/6&#8243;][vc_single_image image=&#8221;998&#8243; img_size=&#8221;medium&#8221; alignment=&#8221;center&#8221; onclick=&#8221;custom_link&#8221; css=&#8221;.vc_custom_1648896455624{margin-bottom: 0px !important;padding-top: 1em !important;}&#8221;][vc_btn title=&#8221;Dr. Philip L\u00fcghausen&#8221; shape=&#8221;square&#8221; size=&#8221;lg&#8221; align=&#8221;left&#8221; i_icon_fontawesome=&#8221;fa fa-envelope&#8221; button_block=&#8221;true&#8221; add_icon=&#8221;true&#8221; link=&#8221;url:mailto%3A%20lueghausen%40bho-consulting.com|||&#8221;][vc_btn title=&#8221;LinkedIn profile&#8221; shape=&#8221;square&#8221; size=&#8221;lg&#8221; align=&#8221;left&#8221; i_icon_fontawesome=&#8221;fa fa-linkedin&#8221; button_block=&#8221;true&#8221; add_icon=&#8221;true&#8221; link=&#8221;url:https%3A%2F%2Fwww.linkedin.com%2Fin%2Fdr-philip-l%C3%BCghausen-479a72a5%2F|||&#8221; css=&#8221;.vc_custom_1647858824227{margin-top: -20px !important;}&#8221;][vc_btn title=&#8221;Xing profile&#8221; shape=&#8221;square&#8221; size=&#8221;lg&#8221; align=&#8221;left&#8221; i_icon_fontawesome=&#8221;fa fa-xing&#8221; button_block=&#8221;true&#8221; add_icon=&#8221;true&#8221; link=&#8221;url:https%3A%2F%2Fwww.xing.com%2Fprofile%2FPhilip_Lueghausen|||&#8221; css=&#8221;.vc_custom_1647858830454{margin-top: -20px !important;}&#8221;][vc_column_text css=&#8221;.vc_custom_1646928710121{margin-top: -20px !important;margin-bottom: 0px !important;padding-top: 10px !important;padding-left: 20px !important;background-color: #ebebeb !important;}&#8221;]Tel.: <a href=\"tel:+4922120463884\">+49 (0) 221 204 638 84<\/a><br \/>\nFax: +49 (0) 221 270 956 111<\/p>\n<p>BHO Consulting GmbH<br \/>\nVorgebirgstra\u00dfe 132<br \/>\n50969 K\u00f6ln<br \/>\n[\/vc_column_text][\/vc_column][vc_column width=&#8221;3\/6&#8243; css=&#8221;.vc_custom_1646929564626{padding-top: 2em !important;}&#8221;][mk_fancy_title color=&#8221;#1e73be&#8221; size=&#8221;&#8221; font_weight=&#8221;600&#8243; margin_bottom=&#8221;0&#8243; font_family=&#8221;none&#8221;]DR. PHILIP L\u00dcGHAUSEN[\/mk_fancy_title][vc_column_text css=&#8221;.vc_custom_1647858988436{margin-bottom: 0px !important;}&#8221;]Dr. Philip L\u00fcghausen (Data Protection Officer T\u00dcVzert) mainly advises on data protection law and data law in connection with commercial data use. He advises several leading multinational and international pharmaceutical companies and medical device manufacturers on data protection law, including DAX-listed corporations. His industry focus is on pharmaceuticals, construction and manufacturing. He has particular experience in drafting, reviewing and negotiating various types of data protection law contracts, in particular contract processing agreements and joint responsibility agreements, due to his project support. He has assisted numerous clients in implementing and continuously improving processes to comply with the GDPR. This includes advising on the implementation of data protection processes in both commercial applications and clinical and non-clinical research projects.<\/p>\n<p>Dr L\u00fcghausen is a member of the German Association for the Protection of Intellectual Property (GRUR) and of NRW.uniTS, a network project funded by the Ministry of Innovation, Science and Research of North Rhine-Westphalia. He also publishes on data protection, e.g. in the Forms Handbook on Data Protection Law and has been a regular speaker at FORUM Institut f\u00fcr Management GmbH since 2014, conducting training sessions for company management and employees on data protection law issues in the pharmaceutical industry.[\/vc_column_text][mk_fancy_title color=&#8221;#1e73be&#8221; size=&#8221;&#8221; font_weight=&#8221;600&#8243; margin_bottom=&#8221;&#8221; font_family=&#8221;none&#8221;]PUBLICATIONS (SELECTION)[\/mk_fancy_title][vc_column_text css=&#8221;.vc_custom_1647858613764{margin-bottom: 0px !important;}&#8221;]\n<ul>\n<li>Processing geolocation data under the GDPR, InsideGNSS 2019 (co-author: Matthias Lachenmann).<\/li>\n<li>Mobile apps: development and end user contracts, ITRB 2015, pp. 99-100 (original: Mobile Apps: Entwicklungs- und Endkundenvertr\u00e4ge, ITRB 2015, S. 99-100).<\/li>\n<li>Data protection in clinical research, A &amp; R 2018 (original: Datenschutz in der klinischen Forschung, A &amp; R 2018).<\/li>\n<li>On the liability of a &#8220;digital bookseller&#8221; for copyright infringements, AfP Heft 1\/2014 (original: Zur Haftung eines \u201edigitalen Buchh\u00e4ndlers\u201c f\u00fcr Urheberrechtsverletzungen, AfP Heft 1\/2014).<\/li>\n<li>Comment on the KG judgment on the use of the IPR reference &#8220;TM&#8221;, IPRB issue 11\/2013.<\/li>\n<li>Comment on the BGH&#8217;s judgment in &#8220;virtuelle Videorecorder II&#8221;, K&amp;R issue 6\/2013.<\/li>\n<li>On the protection of interview questions, AfP issue 3\/2013 (original: Zum Schutz von Interviewfragen, AfP Heft 3\/2013).<\/li>\n<li>Right of the press to inspect public directories, AfP Heft 2\/2013 (original: Einsichtnahmerecht der Presse in \u00f6ffentliche Verzeichnisse, AfP Heft 2\/2013)<\/li>\n<\/ul>\n[\/vc_column_text][mk_fancy_title color=&#8221;#1e73be&#8221; size=&#8221;&#8221; font_weight=&#8221;600&#8243; margin_bottom=&#8221;&#8221; font_family=&#8221;none&#8221;]LECTURES[\/mk_fancy_title][vc_column_text css=&#8221;.vc_custom_1647858709359{margin-bottom: 0px !important;}&#8221;]\n<ul>\n<li>Lecturer at the University of Siegen, lecture on media business law and data protection law.<\/li>\n<li>Regular lecturer for FORUM Institut f\u00fcr Management GmbH on topics relevant to data protection and IT.<\/li>\n<li>Organisation and implementation of in-house training courses for SMEs and large group companies on data protection law topics, especially in connection with clinical studies and research and development in the pharmaceutical and drug industry.<\/li>\n<li>Protecting trade secrets in a court-proof manner, webinar, Cologne 2019 (co-speaker: Gerhard Deiters).<\/li>\n<\/ul>\n[\/vc_column_text][\/vc_column][vc_column width=&#8221;1\/6&#8243;][vc_single_image image=&#8221;1039&#8243; img_size=&#8221;medium&#8221; alignment=&#8221;center&#8221; onclick=&#8221;custom_link&#8221; css=&#8221;.vc_custom_1648895428995{margin-top: 4em !important;padding-top: 5px !important;padding-right: 5px !important;padding-bottom: 5px !important;padding-left: 5px !important;}&#8221; link=&#8221;https:\/\/www.bho-consulting.com\/wp-content\/uploads\/2022\/04\/lueghausen_dr_philip_ze_en_.pdf&#8221;][\/vc_column][\/vc_row]\n<\/div>","protected":false},"excerpt":{"rendered":"<p>[vc_row fullwidth=&#8221;true&#8221; fullwidth_content=&#8221;false&#8221; css=&#8221;.vc_custom_1648894893599{margin-top: -4em !important;padding-top: 10em !important;padding-bottom: 10em !important;background-image: url(https:\/\/www.bho-consulting.com\/wp-content\/uploads\/2019\/10\/bho_consulting_cyperpolicen_300.png?id=618) !important;background-position: center !important;background-repeat: no-repeat !important;background-size: cover !important;}&#8221;][vc_column][\/vc_column][\/vc_row][vc_row][vc_column width=&#8221;2\/6&#8243;][vc_single_image image=&#8221;998&#8243; img_size=&#8221;medium&#8221; alignment=&#8221;center&#8221; onclick=&#8221;custom_link&#8221; css=&#8221;.vc_custom_1648896455624{margin-bottom: 0px !important;padding-top: 1em !important;}&#8221;][vc_btn title=&#8221;Dr. Philip L\u00fcghausen&#8221; shape=&#8221;square&#8221; size=&#8221;lg&#8221; align=&#8221;left&#8221; i_icon_fontawesome=&#8221;fa fa-envelope&#8221; button_block=&#8221;true&#8221; add_icon=&#8221;true&#8221; link=&#8221;url:mailto%3A%20lueghausen%40bho-consulting.com|||&#8221;][vc_btn title=&#8221;LinkedIn profile&#8221; shape=&#8221;square&#8221; size=&#8221;lg&#8221; align=&#8221;left&#8221; i_icon_fontawesome=&#8221;fa fa-linkedin&#8221; button_block=&#8221;true&#8221; add_icon=&#8221;true&#8221; link=&#8221;url:https%3A%2F%2Fwww.linkedin.com%2Fin%2Fdr-philip-l%C3%BCghausen-479a72a5%2F|||&#8221; css=&#8221;.vc_custom_1647858824227{margin-top: -20px !important;}&#8221;][vc_btn title=&#8221;Xing profile&#8221; shape=&#8221;square&#8221; [&hellip;]<\/p>\n","protected":false},"author":6,"featured_media":0,"parent":0,"menu_order":0,"comment_status":"closed","ping_status":"closed","template":"","meta":{"footnotes":""},"class_list":["post-929","page","type-page","status-publish","hentry"],"yoast_head":"<!-- This site is optimized with the Yoast SEO plugin v27.2 - https:\/\/yoast.com\/product\/yoast-seo-wordpress\/ -->\n<title>Dr. Philip L\u00fcghausen &#8211; BHO Consulting<\/title>\n<meta name=\"description\" content=\"Dr. Philip L\u00fcghausen (Data Protection Officer T\u00dcVzert) mainly advises on data protection law and data law in connection with commercial data use. He advises several leading multinational and international pharmaceutical companies and medical device manufacturers on data protection law, including DAX-listed corporations.\" \/>\n<meta name=\"robots\" content=\"index, follow, max-snippet:-1, max-image-preview:large, max-video-preview:-1\" \/>\n<link rel=\"canonical\" href=\"https:\/\/www.bho-consulting.com\/en\/dr-philip-lueghausen\/\" \/>\n<meta property=\"og:locale\" content=\"en_US\" \/>\n<meta property=\"og:type\" content=\"article\" \/>\n<meta property=\"og:title\" content=\"Dr. Philip L\u00fcghausen &#8211; BHO Consulting\" \/>\n<meta property=\"og:description\" content=\"Dr. Philip L\u00fcghausen (Data Protection Officer T\u00dcVzert) mainly advises on data protection law and data law in connection with commercial data use. He advises several leading multinational and international pharmaceutical companies and medical device manufacturers on data protection law, including DAX-listed corporations.\" \/>\n<meta property=\"og:url\" content=\"https:\/\/www.bho-consulting.com\/en\/dr-philip-lueghausen\/\" \/>\n<meta property=\"og:site_name\" content=\"BHO Consulting\" \/>\n<meta property=\"article:modified_time\" content=\"2022-04-08T11:23:01+00:00\" \/>\n<meta name=\"twitter:card\" content=\"summary_large_image\" \/>\n<meta name=\"twitter:label1\" content=\"Est. reading time\" \/>\n\t<meta name=\"twitter:data1\" content=\"4 minutes\" \/>\n<script type=\"application\/ld+json\" class=\"yoast-schema-graph\">{\"@context\":\"https:\/\/schema.org\",\"@graph\":[{\"@type\":\"WebPage\",\"@id\":\"https:\/\/www.bho-consulting.com\/en\/dr-philip-lueghausen\/\",\"url\":\"https:\/\/www.bho-consulting.com\/en\/dr-philip-lueghausen\/\",\"name\":\"Dr. Philip L\u00fcghausen &#8211; BHO Consulting\",\"isPartOf\":{\"@id\":\"https:\/\/www.bho-consulting.com\/#website\"},\"datePublished\":\"2022-03-21T10:30:51+00:00\",\"dateModified\":\"2022-04-08T11:23:01+00:00\",\"description\":\"Dr. Philip L\u00fcghausen (Data Protection Officer T\u00dcVzert) mainly advises on data protection law and data law in connection with commercial data use. He advises several leading multinational and international pharmaceutical companies and medical device manufacturers on data protection law, including DAX-listed corporations.\",\"breadcrumb\":{\"@id\":\"https:\/\/www.bho-consulting.com\/en\/dr-philip-lueghausen\/#breadcrumb\"},\"inLanguage\":\"en-US\",\"potentialAction\":[{\"@type\":\"ReadAction\",\"target\":[\"https:\/\/www.bho-consulting.com\/en\/dr-philip-lueghausen\/\"]}]},{\"@type\":\"BreadcrumbList\",\"@id\":\"https:\/\/www.bho-consulting.com\/en\/dr-philip-lueghausen\/#breadcrumb\",\"itemListElement\":[{\"@type\":\"ListItem\",\"position\":1,\"name\":\"Startseite\",\"item\":\"https:\/\/www.bho-consulting.com\/en\/\"},{\"@type\":\"ListItem\",\"position\":2,\"name\":\"Dr. Philip L\u00fcghausen\"}]},{\"@type\":\"WebSite\",\"@id\":\"https:\/\/www.bho-consulting.com\/#website\",\"url\":\"https:\/\/www.bho-consulting.com\/\",\"name\":\"BHO Consulting\",\"description\":\"\",\"publisher\":{\"@id\":\"https:\/\/www.bho-consulting.com\/#organization\"},\"potentialAction\":[{\"@type\":\"SearchAction\",\"target\":{\"@type\":\"EntryPoint\",\"urlTemplate\":\"https:\/\/www.bho-consulting.com\/?s={search_term_string}\"},\"query-input\":{\"@type\":\"PropertyValueSpecification\",\"valueRequired\":true,\"valueName\":\"search_term_string\"}}],\"inLanguage\":\"en-US\"},{\"@type\":\"Organization\",\"@id\":\"https:\/\/www.bho-consulting.com\/#organization\",\"name\":\"BHO Consulting\",\"url\":\"https:\/\/www.bho-consulting.com\/\",\"logo\":{\"@type\":\"ImageObject\",\"inLanguage\":\"en-US\",\"@id\":\"https:\/\/www.bho-consulting.com\/#\/schema\/logo\/image\/\",\"url\":\"https:\/\/bho-consulting.com\/wp-content\/uploads\/2019\/06\/bho-consulting-logo.png\",\"contentUrl\":\"https:\/\/bho-consulting.com\/wp-content\/uploads\/2019\/06\/bho-consulting-logo.png\",\"width\":288,\"height\":288,\"caption\":\"BHO Consulting\"},\"image\":{\"@id\":\"https:\/\/www.bho-consulting.com\/#\/schema\/logo\/image\/\"}}]}<\/script>\n<!-- \/ Yoast SEO plugin. -->","yoast_head_json":{"title":"Dr. Philip L\u00fcghausen &#8211; BHO Consulting","description":"Dr. Philip L\u00fcghausen (Data Protection Officer T\u00dcVzert) mainly advises on data protection law and data law in connection with commercial data use. He advises several leading multinational and international pharmaceutical companies and medical device manufacturers on data protection law, including DAX-listed corporations.","robots":{"index":"index","follow":"follow","max-snippet":"max-snippet:-1","max-image-preview":"max-image-preview:large","max-video-preview":"max-video-preview:-1"},"canonical":"https:\/\/www.bho-consulting.com\/en\/dr-philip-lueghausen\/","og_locale":"en_US","og_type":"article","og_title":"Dr. Philip L\u00fcghausen &#8211; BHO Consulting","og_description":"Dr. Philip L\u00fcghausen (Data Protection Officer T\u00dcVzert) mainly advises on data protection law and data law in connection with commercial data use. He advises several leading multinational and international pharmaceutical companies and medical device manufacturers on data protection law, including DAX-listed corporations.","og_url":"https:\/\/www.bho-consulting.com\/en\/dr-philip-lueghausen\/","og_site_name":"BHO Consulting","article_modified_time":"2022-04-08T11:23:01+00:00","twitter_card":"summary_large_image","twitter_misc":{"Est. reading time":"4 minutes"},"schema":{"@context":"https:\/\/schema.org","@graph":[{"@type":"WebPage","@id":"https:\/\/www.bho-consulting.com\/en\/dr-philip-lueghausen\/","url":"https:\/\/www.bho-consulting.com\/en\/dr-philip-lueghausen\/","name":"Dr. Philip L\u00fcghausen &#8211; BHO Consulting","isPartOf":{"@id":"https:\/\/www.bho-consulting.com\/#website"},"datePublished":"2022-03-21T10:30:51+00:00","dateModified":"2022-04-08T11:23:01+00:00","description":"Dr. Philip L\u00fcghausen (Data Protection Officer T\u00dcVzert) mainly advises on data protection law and data law in connection with commercial data use. He advises several leading multinational and international pharmaceutical companies and medical device manufacturers on data protection law, including DAX-listed corporations.","breadcrumb":{"@id":"https:\/\/www.bho-consulting.com\/en\/dr-philip-lueghausen\/#breadcrumb"},"inLanguage":"en-US","potentialAction":[{"@type":"ReadAction","target":["https:\/\/www.bho-consulting.com\/en\/dr-philip-lueghausen\/"]}]},{"@type":"BreadcrumbList","@id":"https:\/\/www.bho-consulting.com\/en\/dr-philip-lueghausen\/#breadcrumb","itemListElement":[{"@type":"ListItem","position":1,"name":"Startseite","item":"https:\/\/www.bho-consulting.com\/en\/"},{"@type":"ListItem","position":2,"name":"Dr. Philip L\u00fcghausen"}]},{"@type":"WebSite","@id":"https:\/\/www.bho-consulting.com\/#website","url":"https:\/\/www.bho-consulting.com\/","name":"BHO Consulting","description":"","publisher":{"@id":"https:\/\/www.bho-consulting.com\/#organization"},"potentialAction":[{"@type":"SearchAction","target":{"@type":"EntryPoint","urlTemplate":"https:\/\/www.bho-consulting.com\/?s={search_term_string}"},"query-input":{"@type":"PropertyValueSpecification","valueRequired":true,"valueName":"search_term_string"}}],"inLanguage":"en-US"},{"@type":"Organization","@id":"https:\/\/www.bho-consulting.com\/#organization","name":"BHO Consulting","url":"https:\/\/www.bho-consulting.com\/","logo":{"@type":"ImageObject","inLanguage":"en-US","@id":"https:\/\/www.bho-consulting.com\/#\/schema\/logo\/image\/","url":"https:\/\/bho-consulting.com\/wp-content\/uploads\/2019\/06\/bho-consulting-logo.png","contentUrl":"https:\/\/bho-consulting.com\/wp-content\/uploads\/2019\/06\/bho-consulting-logo.png","width":288,"height":288,"caption":"BHO Consulting"},"image":{"@id":"https:\/\/www.bho-consulting.com\/#\/schema\/logo\/image\/"}}]}},"_links":{"self":[{"href":"https:\/\/www.bho-consulting.com\/en\/wp-json\/wp\/v2\/pages\/929","targetHints":{"allow":["GET"]}}],"collection":[{"href":"https:\/\/www.bho-consulting.com\/en\/wp-json\/wp\/v2\/pages"}],"about":[{"href":"https:\/\/www.bho-consulting.com\/en\/wp-json\/wp\/v2\/types\/page"}],"author":[{"embeddable":true,"href":"https:\/\/www.bho-consulting.com\/en\/wp-json\/wp\/v2\/users\/6"}],"replies":[{"embeddable":true,"href":"https:\/\/www.bho-consulting.com\/en\/wp-json\/wp\/v2\/comments?post=929"}],"version-history":[{"count":5,"href":"https:\/\/www.bho-consulting.com\/en\/wp-json\/wp\/v2\/pages\/929\/revisions"}],"predecessor-version":[{"id":1164,"href":"https:\/\/www.bho-consulting.com\/en\/wp-json\/wp\/v2\/pages\/929\/revisions\/1164"}],"wp:attachment":[{"href":"https:\/\/www.bho-consulting.com\/en\/wp-json\/wp\/v2\/media?parent=929"}],"curies":[{"name":"wp","href":"https:\/\/api.w.org\/{rel}","templated":true}]}}