{"id":1185,"date":"2022-08-24T15:03:39","date_gmt":"2022-08-24T13:03:39","guid":{"rendered":"https:\/\/www.bho-consulting.com\/?page_id=1185"},"modified":"2025-04-25T15:01:14","modified_gmt":"2025-04-25T13:01:14","slug":"uwe-combuechen","status":"publish","type":"page","link":"https:\/\/www.bho-consulting.com\/en\/uwe-combuechen\/","title":{"rendered":"Uwe Comb\u00fcchen"},"content":{"rendered":"<div class=\"wpb-content-wrapper\">[vc_row fullwidth=&#8221;true&#8221; fullwidth_content=&#8221;false&#8221; css=&#8221;.vc_custom_1648894893599{margin-top: -4em !important;padding-top: 10em !important;padding-bottom: 10em !important;background-image: url(https:\/\/www.bho-consulting.com\/wp-content\/uploads\/2019\/10\/bho_consulting_cyperpolicen_300.png?id=618) !important;background-position: center !important;background-repeat: no-repeat !important;background-size: cover !important;}&#8221;][vc_column][\/vc_column][\/vc_row][vc_row][vc_column width=&#8221;2\/6&#8243;][vc_single_image image=&#8221;1255&#8243; img_size=&#8221;medium&#8221; alignment=&#8221;center&#8221; onclick=&#8221;custom_link&#8221; css=&#8221;.vc_custom_1745585992575{margin-bottom: 0px !important;padding-top: 1em !important;}&#8221;][vc_btn title=&#8221;Uwe Comb\u00fcchen&#8221; shape=&#8221;square&#8221; size=&#8221;lg&#8221; align=&#8221;left&#8221; i_icon_fontawesome=&#8221;fas fa-envelope&#8221; css=&#8221;&#8221; button_block=&#8221;true&#8221; add_icon=&#8221;true&#8221; link=&#8221;url:mailto%3Acombuechen%40bho-consulting.com&#8221;][vc_btn title=&#8221;LinkedIn profile&#8221; shape=&#8221;square&#8221; size=&#8221;lg&#8221; align=&#8221;left&#8221; i_icon_fontawesome=&#8221;fab fa-xing&#8221; css=&#8221;.vc_custom_1745584633148{margin-top: -20px !important;}&#8221; button_block=&#8221;true&#8221; add_icon=&#8221;true&#8221; link=&#8221;url:https%3A%2F%2Fwww.linkedin.com%2Fin%2Fuwe-comb%25C3%25BCchen-86312064%2F|rel:nofollow&#8221;][vc_column_text css=&#8221;.vc_custom_1646928710121{margin-top: -20px !important;margin-bottom: 0px !important;padding-top: 10px !important;padding-left: 20px !important;background-color: #ebebeb !important;}&#8221;]Tel.: <a href=\"tel:+4922120463884\">+49 (0) 221 204 638 84<\/a><br \/>\nFax: +49 (0) 221 270 956 111<\/p>\n<p>BHO Consulting GmbH<br \/>\nVorgebirgstra\u00dfe 132<br \/>\n50969 K\u00f6ln<br \/>\n[\/vc_column_text][\/vc_column][vc_column width=&#8221;3\/6&#8243; css=&#8221;.vc_custom_1646929564626{padding-top: 2em !important;}&#8221;][mk_fancy_title color=&#8221;#1e73be&#8221; size=&#8221;&#8221; font_weight=&#8221;600&#8243; margin_bottom=&#8221;0&#8243; font_family=&#8221;none&#8221;]UWE COMB\u00dcCHEN[\/mk_fancy_title][vc_column_text css=&#8221;.vc_custom_1745584451761{margin-bottom: 0px !important;}&#8221;]Mr. Uwe Comb\u00fcchen is a certified data protection advisor (CIPP\/E by the IAPP) and has been admitted to the bar as an attorney since 1994. In 2024, Mr. Comb\u00fcchen completed the training program \u201cData Protection and IT Law in Business\u201d offered by the Beck Academy of the C. H. Beck publishing house in cooperation with FOM University in Munich, during which he wrote a final thesis on the personal reference of LLM systems under Professor Helfrich. Since 2025, he has been working as a Senior Consultant for BHO Consulting GmbH.<\/p>\n<p>Prior to joining BHO Consulting, Mr. Comb\u00fcchen served for many years as Managing Director of Ceemet, the European employers\u2019 organization for the metal and electrical industry, based in Brussels. In this role, he represented the interests of over 200,000 companies in the M+E industry, including in the legislative process for the GDPR. From 2022 to 2023, Mr. Comb\u00fcchen worked as EU Advocacy Counsel for the UK-based Institute of Export &amp; Trade, aiming to foster constructive dialogue between British industry and EU institutions as well as key stakeholders, such as Europe&#8217;s largest seaport. His focus areas included the EU Customs Reform and the Union Customs Code Single Window environment.<\/p>\n<p>Mr. Comb\u00fcchen is fluent in English and French and has basic knowledge of Italian and Spanish.[\/vc_column_text][\/vc_column][vc_column width=&#8221;1\/6&#8243;][\/vc_column][\/vc_row]\n<\/div>","protected":false},"excerpt":{"rendered":"<p>[vc_row fullwidth=&#8221;true&#8221; fullwidth_content=&#8221;false&#8221; css=&#8221;.vc_custom_1648894893599{margin-top: -4em !important;padding-top: 10em !important;padding-bottom: 10em !important;background-image: url(https:\/\/www.bho-consulting.com\/wp-content\/uploads\/2019\/10\/bho_consulting_cyperpolicen_300.png?id=618) !important;background-position: center !important;background-repeat: no-repeat !important;background-size: cover !important;}&#8221;][vc_column][\/vc_column][\/vc_row][vc_row][vc_column width=&#8221;2\/6&#8243;][vc_single_image image=&#8221;1255&#8243; img_size=&#8221;medium&#8221; alignment=&#8221;center&#8221; onclick=&#8221;custom_link&#8221; css=&#8221;.vc_custom_1745585992575{margin-bottom: 0px !important;padding-top: 1em !important;}&#8221;][vc_btn title=&#8221;Uwe Comb\u00fcchen&#8221; shape=&#8221;square&#8221; size=&#8221;lg&#8221; align=&#8221;left&#8221; i_icon_fontawesome=&#8221;fas fa-envelope&#8221; css=&#8221;&#8221; button_block=&#8221;true&#8221; add_icon=&#8221;true&#8221; link=&#8221;url:mailto%3Acombuechen%40bho-consulting.com&#8221;][vc_btn title=&#8221;LinkedIn profile&#8221; shape=&#8221;square&#8221; size=&#8221;lg&#8221; align=&#8221;left&#8221; i_icon_fontawesome=&#8221;fab fa-xing&#8221; css=&#8221;.vc_custom_1745584633148{margin-top: -20px !important;}&#8221; button_block=&#8221;true&#8221; add_icon=&#8221;true&#8221; link=&#8221;url:https%3A%2F%2Fwww.linkedin.com%2Fin%2Fuwe-comb%25C3%25BCchen-86312064%2F|rel:nofollow&#8221;][vc_column_text css=&#8221;.vc_custom_1646928710121{margin-top: -20px !important;margin-bottom: [&hellip;]<\/p>\n","protected":false},"author":6,"featured_media":0,"parent":0,"menu_order":0,"comment_status":"closed","ping_status":"closed","template":"","meta":{"footnotes":""},"class_list":["post-1185","page","type-page","status-publish","hentry"],"yoast_head":"<!-- This site is optimized with the Yoast SEO plugin v27.2 - https:\/\/yoast.com\/product\/yoast-seo-wordpress\/ -->\n<title>Uwe Comb\u00fcchen &#8211; BHO Consulting<\/title>\n<meta name=\"description\" content=\"Dr. Philip L\u00fcghausen (Data Protection Officer T\u00dcVzert) mainly advises on data protection law and data law in connection with commercial data use. He advises several leading multinational and international pharmaceutical companies and medical device manufacturers on data protection law, including DAX-listed corporations.\" \/>\n<meta name=\"robots\" content=\"index, follow, max-snippet:-1, max-image-preview:large, max-video-preview:-1\" \/>\n<link rel=\"canonical\" href=\"https:\/\/www.bho-consulting.com\/en\/uwe-combuechen\/\" \/>\n<meta property=\"og:locale\" content=\"en_US\" \/>\n<meta property=\"og:type\" content=\"article\" \/>\n<meta property=\"og:title\" content=\"Uwe Comb\u00fcchen &#8211; BHO Consulting\" \/>\n<meta property=\"og:description\" content=\"Dr. Philip L\u00fcghausen (Data Protection Officer T\u00dcVzert) mainly advises on data protection law and data law in connection with commercial data use. He advises several leading multinational and international pharmaceutical companies and medical device manufacturers on data protection law, including DAX-listed corporations.\" \/>\n<meta property=\"og:url\" content=\"https:\/\/www.bho-consulting.com\/en\/uwe-combuechen\/\" \/>\n<meta property=\"og:site_name\" content=\"BHO Consulting\" \/>\n<meta property=\"article:modified_time\" content=\"2025-04-25T13:01:14+00:00\" \/>\n<meta name=\"twitter:card\" content=\"summary_large_image\" \/>\n<meta name=\"twitter:label1\" content=\"Est. reading time\" \/>\n\t<meta name=\"twitter:data1\" content=\"2 minutes\" \/>\n<script type=\"application\/ld+json\" class=\"yoast-schema-graph\">{\"@context\":\"https:\/\/schema.org\",\"@graph\":[{\"@type\":\"WebPage\",\"@id\":\"https:\/\/www.bho-consulting.com\/en\/uwe-combuechen\/\",\"url\":\"https:\/\/www.bho-consulting.com\/en\/uwe-combuechen\/\",\"name\":\"Uwe Comb\u00fcchen &#8211; BHO Consulting\",\"isPartOf\":{\"@id\":\"https:\/\/www.bho-consulting.com\/#website\"},\"datePublished\":\"2022-08-24T13:03:39+00:00\",\"dateModified\":\"2025-04-25T13:01:14+00:00\",\"description\":\"Dr. Philip L\u00fcghausen (Data Protection Officer T\u00dcVzert) mainly advises on data protection law and data law in connection with commercial data use. He advises several leading multinational and international pharmaceutical companies and medical device manufacturers on data protection law, including DAX-listed corporations.\",\"breadcrumb\":{\"@id\":\"https:\/\/www.bho-consulting.com\/en\/uwe-combuechen\/#breadcrumb\"},\"inLanguage\":\"en-US\",\"potentialAction\":[{\"@type\":\"ReadAction\",\"target\":[\"https:\/\/www.bho-consulting.com\/en\/uwe-combuechen\/\"]}]},{\"@type\":\"BreadcrumbList\",\"@id\":\"https:\/\/www.bho-consulting.com\/en\/uwe-combuechen\/#breadcrumb\",\"itemListElement\":[{\"@type\":\"ListItem\",\"position\":1,\"name\":\"Startseite\",\"item\":\"https:\/\/www.bho-consulting.com\/en\/\"},{\"@type\":\"ListItem\",\"position\":2,\"name\":\"Uwe Comb\u00fcchen\"}]},{\"@type\":\"WebSite\",\"@id\":\"https:\/\/www.bho-consulting.com\/#website\",\"url\":\"https:\/\/www.bho-consulting.com\/\",\"name\":\"BHO Consulting\",\"description\":\"\",\"publisher\":{\"@id\":\"https:\/\/www.bho-consulting.com\/#organization\"},\"potentialAction\":[{\"@type\":\"SearchAction\",\"target\":{\"@type\":\"EntryPoint\",\"urlTemplate\":\"https:\/\/www.bho-consulting.com\/?s={search_term_string}\"},\"query-input\":{\"@type\":\"PropertyValueSpecification\",\"valueRequired\":true,\"valueName\":\"search_term_string\"}}],\"inLanguage\":\"en-US\"},{\"@type\":\"Organization\",\"@id\":\"https:\/\/www.bho-consulting.com\/#organization\",\"name\":\"BHO Consulting\",\"url\":\"https:\/\/www.bho-consulting.com\/\",\"logo\":{\"@type\":\"ImageObject\",\"inLanguage\":\"en-US\",\"@id\":\"https:\/\/www.bho-consulting.com\/#\/schema\/logo\/image\/\",\"url\":\"https:\/\/bho-consulting.com\/wp-content\/uploads\/2019\/06\/bho-consulting-logo.png\",\"contentUrl\":\"https:\/\/bho-consulting.com\/wp-content\/uploads\/2019\/06\/bho-consulting-logo.png\",\"width\":288,\"height\":288,\"caption\":\"BHO Consulting\"},\"image\":{\"@id\":\"https:\/\/www.bho-consulting.com\/#\/schema\/logo\/image\/\"}}]}<\/script>\n<!-- \/ Yoast SEO plugin. -->","yoast_head_json":{"title":"Uwe Comb\u00fcchen &#8211; BHO Consulting","description":"Dr. Philip L\u00fcghausen (Data Protection Officer T\u00dcVzert) mainly advises on data protection law and data law in connection with commercial data use. He advises several leading multinational and international pharmaceutical companies and medical device manufacturers on data protection law, including DAX-listed corporations.","robots":{"index":"index","follow":"follow","max-snippet":"max-snippet:-1","max-image-preview":"max-image-preview:large","max-video-preview":"max-video-preview:-1"},"canonical":"https:\/\/www.bho-consulting.com\/en\/uwe-combuechen\/","og_locale":"en_US","og_type":"article","og_title":"Uwe Comb\u00fcchen &#8211; BHO Consulting","og_description":"Dr. Philip L\u00fcghausen (Data Protection Officer T\u00dcVzert) mainly advises on data protection law and data law in connection with commercial data use. He advises several leading multinational and international pharmaceutical companies and medical device manufacturers on data protection law, including DAX-listed corporations.","og_url":"https:\/\/www.bho-consulting.com\/en\/uwe-combuechen\/","og_site_name":"BHO Consulting","article_modified_time":"2025-04-25T13:01:14+00:00","twitter_card":"summary_large_image","twitter_misc":{"Est. reading time":"2 minutes"},"schema":{"@context":"https:\/\/schema.org","@graph":[{"@type":"WebPage","@id":"https:\/\/www.bho-consulting.com\/en\/uwe-combuechen\/","url":"https:\/\/www.bho-consulting.com\/en\/uwe-combuechen\/","name":"Uwe Comb\u00fcchen &#8211; BHO Consulting","isPartOf":{"@id":"https:\/\/www.bho-consulting.com\/#website"},"datePublished":"2022-08-24T13:03:39+00:00","dateModified":"2025-04-25T13:01:14+00:00","description":"Dr. Philip L\u00fcghausen (Data Protection Officer T\u00dcVzert) mainly advises on data protection law and data law in connection with commercial data use. He advises several leading multinational and international pharmaceutical companies and medical device manufacturers on data protection law, including DAX-listed corporations.","breadcrumb":{"@id":"https:\/\/www.bho-consulting.com\/en\/uwe-combuechen\/#breadcrumb"},"inLanguage":"en-US","potentialAction":[{"@type":"ReadAction","target":["https:\/\/www.bho-consulting.com\/en\/uwe-combuechen\/"]}]},{"@type":"BreadcrumbList","@id":"https:\/\/www.bho-consulting.com\/en\/uwe-combuechen\/#breadcrumb","itemListElement":[{"@type":"ListItem","position":1,"name":"Startseite","item":"https:\/\/www.bho-consulting.com\/en\/"},{"@type":"ListItem","position":2,"name":"Uwe Comb\u00fcchen"}]},{"@type":"WebSite","@id":"https:\/\/www.bho-consulting.com\/#website","url":"https:\/\/www.bho-consulting.com\/","name":"BHO Consulting","description":"","publisher":{"@id":"https:\/\/www.bho-consulting.com\/#organization"},"potentialAction":[{"@type":"SearchAction","target":{"@type":"EntryPoint","urlTemplate":"https:\/\/www.bho-consulting.com\/?s={search_term_string}"},"query-input":{"@type":"PropertyValueSpecification","valueRequired":true,"valueName":"search_term_string"}}],"inLanguage":"en-US"},{"@type":"Organization","@id":"https:\/\/www.bho-consulting.com\/#organization","name":"BHO Consulting","url":"https:\/\/www.bho-consulting.com\/","logo":{"@type":"ImageObject","inLanguage":"en-US","@id":"https:\/\/www.bho-consulting.com\/#\/schema\/logo\/image\/","url":"https:\/\/bho-consulting.com\/wp-content\/uploads\/2019\/06\/bho-consulting-logo.png","contentUrl":"https:\/\/bho-consulting.com\/wp-content\/uploads\/2019\/06\/bho-consulting-logo.png","width":288,"height":288,"caption":"BHO Consulting"},"image":{"@id":"https:\/\/www.bho-consulting.com\/#\/schema\/logo\/image\/"}}]}},"_links":{"self":[{"href":"https:\/\/www.bho-consulting.com\/en\/wp-json\/wp\/v2\/pages\/1185","targetHints":{"allow":["GET"]}}],"collection":[{"href":"https:\/\/www.bho-consulting.com\/en\/wp-json\/wp\/v2\/pages"}],"about":[{"href":"https:\/\/www.bho-consulting.com\/en\/wp-json\/wp\/v2\/types\/page"}],"author":[{"embeddable":true,"href":"https:\/\/www.bho-consulting.com\/en\/wp-json\/wp\/v2\/users\/6"}],"replies":[{"embeddable":true,"href":"https:\/\/www.bho-consulting.com\/en\/wp-json\/wp\/v2\/comments?post=1185"}],"version-history":[{"count":5,"href":"https:\/\/www.bho-consulting.com\/en\/wp-json\/wp\/v2\/pages\/1185\/revisions"}],"predecessor-version":[{"id":1261,"href":"https:\/\/www.bho-consulting.com\/en\/wp-json\/wp\/v2\/pages\/1185\/revisions\/1261"}],"wp:attachment":[{"href":"https:\/\/www.bho-consulting.com\/en\/wp-json\/wp\/v2\/media?parent=1185"}],"curies":[{"name":"wp","href":"https:\/\/api.w.org\/{rel}","templated":true}]}}